{"id":14,"date":"2024-03-26T22:38:17","date_gmt":"2024-03-26T21:38:17","guid":{"rendered":"https:\/\/akademiaspokojuzycia.pl\/?page_id=14"},"modified":"2025-05-15T10:55:52","modified_gmt":"2025-05-15T08:55:52","slug":"informacje","status":"publish","type":"page","link":"https:\/\/akademiaspokojuzycia.pl\/?page_id=14","title":{"rendered":"PSYCHOLOGIA"},"content":{"rendered":"\n<p class=\"has-small-font-size\">Praca terapeutyczna z doros\u0142ymi czy nastolatkami w Akademii Spokoju \u017bycia to podr\u00f3\u017c ku odkryciu i samopoznaniu w bezpiecznej i wspieraj\u0105cej przestrzeni. Nasza praktyka oparta jest na empatii, zaufaniu i zrozumieniu, kt\u00f3re s\u0105 kluczowe dla skutecznego procesu terapeutycznego. Psychologia dysponuje narz\u0119dziami i technikami, kt\u00f3re pomagaj\u0105 lepiej zrozumie\u0107 siebie, swoje emocje i reakcje na \u015bwiat zewn\u0119trzny. Poprzez konsultacje psychologiczne mo\u017cna zg\u0142\u0119bia\u0107 swoje przekonania, wzorce zachowa\u0144 i sposoby radzenia z trudno\u015bciami.<\/p>\n\n\n\n<p class=\"has-small-font-size\">Osi\u0105gni\u0119cie spokoju \u017cycia nie oznacza braku problem\u00f3w, ale raczej umiej\u0119tno\u015b\u0107 radzenia sobie z nimi w spos\u00f3b zdrowy i skuteczny. Dzi\u0119ki wsparciu psychologicznemu mo\u017cna nauczy\u0107 si\u0119 lepiej zarz\u0105dza\u0107 stresem, budowa\u0107 zdrowsze relacje ze sob\u0105 i z innymi, kierowa\u0107 w\u0142asnym \u017cyciem i znale\u017a\u0107 wewn\u0119trzn\u0105 harmoni\u0119.<\/p>\n\n\n\n<p><\/p>\n\n\n\n<figure class=\"wp-block-gallery has-nested-images columns-4 is-cropped wp-block-gallery-1 is-layout-flex wp-block-gallery-is-layout-flex\">\n<figure class=\"wp-block-image size-full\"><img fetchpriority=\"high\" decoding=\"async\" width=\"945\" height=\"946\" data-id=\"98\" src=\"https:\/\/akademiaspokojuzycia.pl\/wp-content\/uploads\/2024\/03\/1kw-1.png\" alt=\"\" class=\"wp-image-98\" srcset=\"https:\/\/akademiaspokojuzycia.pl\/wp-content\/uploads\/2024\/03\/1kw-1.png 945w, https:\/\/akademiaspokojuzycia.pl\/wp-content\/uploads\/2024\/03\/1kw-1-300x300.png 300w, https:\/\/akademiaspokojuzycia.pl\/wp-content\/uploads\/2024\/03\/1kw-1-150x150.png 150w, https:\/\/akademiaspokojuzycia.pl\/wp-content\/uploads\/2024\/03\/1kw-1-768x769.png 768w, https:\/\/akademiaspokojuzycia.pl\/wp-content\/uploads\/2024\/03\/1kw-1-100x100.png 100w\" sizes=\"(max-width: 767px) 89vw, (max-width: 1000px) 54vw, (max-width: 1071px) 543px, 580px\" \/><\/figure>\n\n\n\n<figure class=\"wp-block-image size-full\"><img decoding=\"async\" width=\"945\" height=\"946\" data-id=\"95\" src=\"https:\/\/akademiaspokojuzycia.pl\/wp-content\/uploads\/2024\/03\/1kw.png\" alt=\"\" class=\"wp-image-95\" srcset=\"https:\/\/akademiaspokojuzycia.pl\/wp-content\/uploads\/2024\/03\/1kw.png 945w, https:\/\/akademiaspokojuzycia.pl\/wp-content\/uploads\/2024\/03\/1kw-300x300.png 300w, https:\/\/akademiaspokojuzycia.pl\/wp-content\/uploads\/2024\/03\/1kw-150x150.png 150w, https:\/\/akademiaspokojuzycia.pl\/wp-content\/uploads\/2024\/03\/1kw-768x769.png 768w, https:\/\/akademiaspokojuzycia.pl\/wp-content\/uploads\/2024\/03\/1kw-100x100.png 100w\" sizes=\"(max-width: 767px) 89vw, (max-width: 1000px) 54vw, (max-width: 1071px) 543px, 580px\" \/><\/figure>\n\n\n\n<figure class=\"wp-block-image size-full\"><img decoding=\"async\" width=\"946\" height=\"946\" data-id=\"94\" src=\"https:\/\/akademiaspokojuzycia.pl\/wp-content\/uploads\/2024\/03\/1kw-4.png\" alt=\"\" class=\"wp-image-94\" srcset=\"https:\/\/akademiaspokojuzycia.pl\/wp-content\/uploads\/2024\/03\/1kw-4.png 946w, https:\/\/akademiaspokojuzycia.pl\/wp-content\/uploads\/2024\/03\/1kw-4-300x300.png 300w, https:\/\/akademiaspokojuzycia.pl\/wp-content\/uploads\/2024\/03\/1kw-4-150x150.png 150w, https:\/\/akademiaspokojuzycia.pl\/wp-content\/uploads\/2024\/03\/1kw-4-768x768.png 768w, https:\/\/akademiaspokojuzycia.pl\/wp-content\/uploads\/2024\/03\/1kw-4-100x100.png 100w\" sizes=\"(max-width: 767px) 89vw, (max-width: 1000px) 54vw, (max-width: 1071px) 543px, 580px\" \/><\/figure>\n\n\n\n<figure class=\"wp-block-image size-full\"><img loading=\"lazy\" decoding=\"async\" width=\"946\" height=\"946\" data-id=\"93\" src=\"https:\/\/akademiaspokojuzycia.pl\/wp-content\/uploads\/2024\/03\/1kw-3.png\" alt=\"\" class=\"wp-image-93\" srcset=\"https:\/\/akademiaspokojuzycia.pl\/wp-content\/uploads\/2024\/03\/1kw-3.png 946w, https:\/\/akademiaspokojuzycia.pl\/wp-content\/uploads\/2024\/03\/1kw-3-300x300.png 300w, https:\/\/akademiaspokojuzycia.pl\/wp-content\/uploads\/2024\/03\/1kw-3-150x150.png 150w, https:\/\/akademiaspokojuzycia.pl\/wp-content\/uploads\/2024\/03\/1kw-3-768x768.png 768w, https:\/\/akademiaspokojuzycia.pl\/wp-content\/uploads\/2024\/03\/1kw-3-100x100.png 100w\" sizes=\"(max-width: 767px) 89vw, (max-width: 1000px) 54vw, (max-width: 1071px) 543px, 580px\" \/><\/figure>\n<\/figure>\n\n\n\n<p><\/p>\n","protected":false},"excerpt":{"rendered":"<p>Praca terapeutyczna z doros\u0142ymi czy nastolatkami w Akademii Spokoju \u017bycia to podr\u00f3\u017c ku odkryciu i samopoznaniu w bezpiecznej i wspieraj\u0105cej przestrzeni. Nasza praktyka oparta jest na empatii, zaufaniu i zrozumieniu, kt\u00f3re s\u0105 kluczowe dla skutecznego procesu terapeutycznego. Psychologia dysponuje narz\u0119dziami i technikami, kt\u00f3re pomagaj\u0105 lepiej zrozumie\u0107 siebie, swoje emocje i reakcje na \u015bwiat zewn\u0119trzny. Poprzez &hellip; <\/p>\n<p class=\"link-more\"><a href=\"https:\/\/akademiaspokojuzycia.pl\/?page_id=14\" class=\"more-link\">Czytaj dalej<span class=\"screen-reader-text\"> \u201ePSYCHOLOGIA\u201d<\/span><\/a><\/p>\n","protected":false},"author":1,"featured_media":155,"parent":0,"menu_order":0,"comment_status":"closed","ping_status":"closed","template":"","meta":{"footnotes":""},"class_list":["post-14","page","type-page","status-publish","has-post-thumbnail","hentry"],"yoast_head":"<!-- This site is optimized with the Yoast SEO plugin v22.6 - https:\/\/yoast.com\/wordpress\/plugins\/seo\/ -->\n<title>PSYCHOLOGIA -<\/title>\n<meta name=\"robots\" content=\"index, follow, max-snippet:-1, max-image-preview:large, max-video-preview:-1\" \/>\n<link rel=\"canonical\" href=\"https:\/\/akademiaspokojuzycia.pl\/?page_id=14\" \/>\n<meta property=\"og:locale\" content=\"pl_PL\" \/>\n<meta property=\"og:type\" content=\"article\" \/>\n<meta property=\"og:title\" content=\"PSYCHOLOGIA -\" \/>\n<meta property=\"og:description\" content=\"Praca terapeutyczna z doros\u0142ymi czy nastolatkami w Akademii Spokoju \u017bycia to podr\u00f3\u017c ku odkryciu i samopoznaniu w bezpiecznej i wspieraj\u0105cej przestrzeni. Nasza praktyka oparta jest na empatii, zaufaniu i zrozumieniu, kt\u00f3re s\u0105 kluczowe dla skutecznego procesu terapeutycznego. Psychologia dysponuje narz\u0119dziami i technikami, kt\u00f3re pomagaj\u0105 lepiej zrozumie\u0107 siebie, swoje emocje i reakcje na \u015bwiat zewn\u0119trzny. Poprzez &hellip; Czytaj dalej \u201ePSYCHOLOGIA\u201d\" \/>\n<meta property=\"og:url\" content=\"https:\/\/akademiaspokojuzycia.pl\/?page_id=14\" \/>\n<meta property=\"article:modified_time\" content=\"2025-05-15T08:55:52+00:00\" \/>\n<meta property=\"og:image\" content=\"https:\/\/akademiaspokojuzycia.pl\/wp-content\/uploads\/2024\/03\/8-1-1024x418.png\" \/>\n\t<meta property=\"og:image:width\" content=\"1024\" \/>\n\t<meta property=\"og:image:height\" content=\"418\" \/>\n\t<meta property=\"og:image:type\" content=\"image\/png\" \/>\n<meta name=\"twitter:card\" content=\"summary_large_image\" \/>\n<meta name=\"twitter:label1\" content=\"Szacowany czas czytania\" \/>\n\t<meta name=\"twitter:data1\" content=\"2 minuty\" \/>\n<script type=\"application\/ld+json\" class=\"yoast-schema-graph\">{\"@context\":\"https:\/\/schema.org\",\"@graph\":[{\"@type\":\"WebPage\",\"@id\":\"https:\/\/akademiaspokojuzycia.pl\/?page_id=14\",\"url\":\"https:\/\/akademiaspokojuzycia.pl\/?page_id=14\",\"name\":\"PSYCHOLOGIA -\",\"isPartOf\":{\"@id\":\"https:\/\/akademiaspokojuzycia.pl\/#website\"},\"primaryImageOfPage\":{\"@id\":\"https:\/\/akademiaspokojuzycia.pl\/?page_id=14#primaryimage\"},\"image\":{\"@id\":\"https:\/\/akademiaspokojuzycia.pl\/?page_id=14#primaryimage\"},\"thumbnailUrl\":\"https:\/\/akademiaspokojuzycia.pl\/wp-content\/uploads\/2024\/03\/8-1.png\",\"datePublished\":\"2024-03-26T21:38:17+00:00\",\"dateModified\":\"2025-05-15T08:55:52+00:00\",\"breadcrumb\":{\"@id\":\"https:\/\/akademiaspokojuzycia.pl\/?page_id=14#breadcrumb\"},\"inLanguage\":\"pl-PL\",\"potentialAction\":[{\"@type\":\"ReadAction\",\"target\":[\"https:\/\/akademiaspokojuzycia.pl\/?page_id=14\"]}]},{\"@type\":\"ImageObject\",\"inLanguage\":\"pl-PL\",\"@id\":\"https:\/\/akademiaspokojuzycia.pl\/?page_id=14#primaryimage\",\"url\":\"https:\/\/akademiaspokojuzycia.pl\/wp-content\/uploads\/2024\/03\/8-1.png\",\"contentUrl\":\"https:\/\/akademiaspokojuzycia.pl\/wp-content\/uploads\/2024\/03\/8-1.png\",\"width\":1920,\"height\":783},{\"@type\":\"BreadcrumbList\",\"@id\":\"https:\/\/akademiaspokojuzycia.pl\/?page_id=14#breadcrumb\",\"itemListElement\":[{\"@type\":\"ListItem\",\"position\":1,\"name\":\"Home\",\"item\":\"https:\/\/akademiaspokojuzycia.pl\/\"},{\"@type\":\"ListItem\",\"position\":2,\"name\":\"PSYCHOLOGIA\"}]},{\"@type\":\"WebSite\",\"@id\":\"https:\/\/akademiaspokojuzycia.pl\/#website\",\"url\":\"https:\/\/akademiaspokojuzycia.pl\/\",\"name\":\"\",\"description\":\"\",\"potentialAction\":[{\"@type\":\"SearchAction\",\"target\":{\"@type\":\"EntryPoint\",\"urlTemplate\":\"https:\/\/akademiaspokojuzycia.pl\/?s={search_term_string}\"},\"query-input\":\"required name=search_term_string\"}],\"inLanguage\":\"pl-PL\"}]}<\/script>\n<!-- \/ Yoast SEO plugin. -->","yoast_head_json":{"title":"PSYCHOLOGIA -","robots":{"index":"index","follow":"follow","max-snippet":"max-snippet:-1","max-image-preview":"max-image-preview:large","max-video-preview":"max-video-preview:-1"},"canonical":"https:\/\/akademiaspokojuzycia.pl\/?page_id=14","og_locale":"pl_PL","og_type":"article","og_title":"PSYCHOLOGIA -","og_description":"Praca terapeutyczna z doros\u0142ymi czy nastolatkami w Akademii Spokoju \u017bycia to podr\u00f3\u017c ku odkryciu i samopoznaniu w bezpiecznej i wspieraj\u0105cej przestrzeni. Nasza praktyka oparta jest na empatii, zaufaniu i zrozumieniu, kt\u00f3re s\u0105 kluczowe dla skutecznego procesu terapeutycznego. Psychologia dysponuje narz\u0119dziami i technikami, kt\u00f3re pomagaj\u0105 lepiej zrozumie\u0107 siebie, swoje emocje i reakcje na \u015bwiat zewn\u0119trzny. Poprzez &hellip; Czytaj dalej \u201ePSYCHOLOGIA\u201d","og_url":"https:\/\/akademiaspokojuzycia.pl\/?page_id=14","article_modified_time":"2025-05-15T08:55:52+00:00","og_image":[{"width":1024,"height":418,"url":"https:\/\/akademiaspokojuzycia.pl\/wp-content\/uploads\/2024\/03\/8-1-1024x418.png","type":"image\/png"}],"twitter_card":"summary_large_image","twitter_misc":{"Szacowany czas czytania":"2 minuty"},"schema":{"@context":"https:\/\/schema.org","@graph":[{"@type":"WebPage","@id":"https:\/\/akademiaspokojuzycia.pl\/?page_id=14","url":"https:\/\/akademiaspokojuzycia.pl\/?page_id=14","name":"PSYCHOLOGIA -","isPartOf":{"@id":"https:\/\/akademiaspokojuzycia.pl\/#website"},"primaryImageOfPage":{"@id":"https:\/\/akademiaspokojuzycia.pl\/?page_id=14#primaryimage"},"image":{"@id":"https:\/\/akademiaspokojuzycia.pl\/?page_id=14#primaryimage"},"thumbnailUrl":"https:\/\/akademiaspokojuzycia.pl\/wp-content\/uploads\/2024\/03\/8-1.png","datePublished":"2024-03-26T21:38:17+00:00","dateModified":"2025-05-15T08:55:52+00:00","breadcrumb":{"@id":"https:\/\/akademiaspokojuzycia.pl\/?page_id=14#breadcrumb"},"inLanguage":"pl-PL","potentialAction":[{"@type":"ReadAction","target":["https:\/\/akademiaspokojuzycia.pl\/?page_id=14"]}]},{"@type":"ImageObject","inLanguage":"pl-PL","@id":"https:\/\/akademiaspokojuzycia.pl\/?page_id=14#primaryimage","url":"https:\/\/akademiaspokojuzycia.pl\/wp-content\/uploads\/2024\/03\/8-1.png","contentUrl":"https:\/\/akademiaspokojuzycia.pl\/wp-content\/uploads\/2024\/03\/8-1.png","width":1920,"height":783},{"@type":"BreadcrumbList","@id":"https:\/\/akademiaspokojuzycia.pl\/?page_id=14#breadcrumb","itemListElement":[{"@type":"ListItem","position":1,"name":"Home","item":"https:\/\/akademiaspokojuzycia.pl\/"},{"@type":"ListItem","position":2,"name":"PSYCHOLOGIA"}]},{"@type":"WebSite","@id":"https:\/\/akademiaspokojuzycia.pl\/#website","url":"https:\/\/akademiaspokojuzycia.pl\/","name":"","description":"","potentialAction":[{"@type":"SearchAction","target":{"@type":"EntryPoint","urlTemplate":"https:\/\/akademiaspokojuzycia.pl\/?s={search_term_string}"},"query-input":"required name=search_term_string"}],"inLanguage":"pl-PL"}]}},"_links":{"self":[{"href":"https:\/\/akademiaspokojuzycia.pl\/index.php?rest_route=\/wp\/v2\/pages\/14","targetHints":{"allow":["GET"]}}],"collection":[{"href":"https:\/\/akademiaspokojuzycia.pl\/index.php?rest_route=\/wp\/v2\/pages"}],"about":[{"href":"https:\/\/akademiaspokojuzycia.pl\/index.php?rest_route=\/wp\/v2\/types\/page"}],"author":[{"embeddable":true,"href":"https:\/\/akademiaspokojuzycia.pl\/index.php?rest_route=\/wp\/v2\/users\/1"}],"replies":[{"embeddable":true,"href":"https:\/\/akademiaspokojuzycia.pl\/index.php?rest_route=%2Fwp%2Fv2%2Fcomments&post=14"}],"version-history":[{"count":9,"href":"https:\/\/akademiaspokojuzycia.pl\/index.php?rest_route=\/wp\/v2\/pages\/14\/revisions"}],"predecessor-version":[{"id":277,"href":"https:\/\/akademiaspokojuzycia.pl\/index.php?rest_route=\/wp\/v2\/pages\/14\/revisions\/277"}],"wp:featuredmedia":[{"embeddable":true,"href":"https:\/\/akademiaspokojuzycia.pl\/index.php?rest_route=\/wp\/v2\/media\/155"}],"wp:attachment":[{"href":"https:\/\/akademiaspokojuzycia.pl\/index.php?rest_route=%2Fwp%2Fv2%2Fmedia&parent=14"}],"curies":[{"name":"wp","href":"https:\/\/api.w.org\/{rel}","templated":true}]}}