{"id":15,"date":"2024-03-26T22:38:17","date_gmt":"2024-03-26T21:38:17","guid":{"rendered":"https:\/\/akademiaspokojuzycia.pl\/?page_id=15"},"modified":"2024-07-30T17:48:37","modified_gmt":"2024-07-30T15:48:37","slug":"szkolenia","status":"publish","type":"page","link":"https:\/\/akademiaspokojuzycia.pl\/?page_id=15","title":{"rendered":"SZKOLENIA"},"content":{"rendered":"\n<p class=\"has-small-font-size\">W dzisiejszym dynamicznym \u015bwiecie sukces ka\u017cdej organizacji cz\u0119sto opiera si\u0119 na zrozumieniu ludzkiego zachowania i stosowaniu odpowiednich strategii psychologicznych. Nasze szkolenia zosta\u0142y starannie zaprojektowane, aby dostarczy\u0107 Pa\u0144stwa firmie, instytucji praktycznych narz\u0119dzi i wiedzy niezb\u0119dnych do skutecznego zarz\u0105dzania zasobami ludzkimi, komunikacji wewn\u0119trznej oraz budowania pozytywnej kultury organizacyjnej.&nbsp;<\/p>\n\n\n\n<p class=\"has-small-font-size\">Rozumiemy, \u017ce ka\u017cdy ma swoje unikalne potrzeby. Dlatego te\u017c dostosowujemy nasze szkolenia do specyficznych wymaga\u0144 i cel\u00f3w Klienta. Nasze szkolenia wykorzystuj\u0105 r\u00f3\u017cnorodne metody nauczania, takie jak studia przypadk\u00f3w oraz \u0107wiczenia praktyczne, aby uczestnicy mogli bezpo\u015brednio stosowa\u0107 zdobyt\u0105 wiedz\u0119 w swojej pracy.<\/p>\n\n\n\n<p class=\"has-small-font-size\">Jako g\u0142\u00f3wny cel stawiamy sobie dostarczenie praktycznej i konkretnej warto\u015bci dodanej dla uczestnik\u00f3w oraz organizacji jako ca\u0142o\u015bci.<\/p>\n\n\n\n<p class=\"has-small-font-size\"><strong>Obszary tematyczne:<\/strong><\/p>\n\n\n\n<div class=\"wp-block-group is-vertical is-layout-flex wp-container-core-group-is-layout-8cf370e7 wp-block-group-is-layout-flex\">\n<ul class=\"wp-block-list\">\n<li class=\"has-small-font-size\">komunikacja interpersonalna w miejscu pracy,<\/li>\n<\/ul>\n\n\n\n<ul class=\"wp-block-list\">\n<li class=\"has-small-font-size\">czynniki kszta\u0142tuj\u0105ce produktywno\u015b\u0107 pracownika,<\/li>\n<\/ul>\n\n\n\n<ul class=\"wp-block-list\">\n<li class=\"has-small-font-size\">zarz\u0105dzanie konfliktami,<\/li>\n<\/ul>\n\n\n\n<ul class=\"wp-block-list\">\n<li class=\"has-small-font-size\">budowanie pozytywnej kultury organizacyjnej,<\/li>\n<\/ul>\n\n\n\n<ul class=\"wp-block-list\">\n<li class=\"has-small-font-size\">motywacja pracownik\u00f3w,<\/li>\n<\/ul>\n\n\n\n<ul class=\"wp-block-list\">\n<li class=\"has-small-font-size\"> rozw\u00f3j umiej\u0119tno\u015bci przyw\u00f3dczych opartych na wiedzy psychologicznej.<\/li>\n<\/ul>\n<\/div>\n\n\n\n<p><\/p>\n\n\n\n<p class=\"has-small-font-size\"><strong>Jak skorzysta\u0107 z naszych szkole\u0144?<\/strong><\/p>\n\n\n\n<p class=\"has-small-font-size\">Zapraszamy do kontaktu z naszym zespo\u0142em, aby om\u00f3wi\u0107 szczeg\u00f3\u0142y naszej oferty szkoleniowej oraz dostosowa\u0107 program do potrzeb i oczekiwa\u0144 Pa\u0144stwa firmy. Gotowi jeste\u015bmy wesprze\u0107 Pa\u0144stwa w d\u0105\u017ceniu do osi\u0105gni\u0119cia sukcesu biznesowego poprzez wykorzystanie potencja\u0142u psychologii.<\/p>\n\n\n\n<p class=\"has-small-font-size\"><strong>Dowiedz si\u0119 wi\u0119cej klikaj\u0105c w wybrane szkolenie:<\/strong><\/p>\n\n\n\n<figure class=\"wp-block-gallery has-nested-images columns-4 is-cropped wp-block-gallery-1 is-layout-flex wp-block-gallery-is-layout-flex\">\n<figure class=\"wp-block-image size-large\"><a href=\"https:\/\/akademiaspokojuzycia.pl\/?page_id=165\" target=\"_blank\" rel=\"noreferrer noopener\"><img fetchpriority=\"high\" decoding=\"async\" width=\"1024\" height=\"1024\" data-id=\"203\" src=\"https:\/\/akademiaspokojuzycia.pl\/wp-content\/uploads\/2024\/04\/warsztaty-pozytywnego-myslenia-3-1024x1024.png\" alt=\"\" class=\"wp-image-203\" srcset=\"https:\/\/akademiaspokojuzycia.pl\/wp-content\/uploads\/2024\/04\/warsztaty-pozytywnego-myslenia-3-1024x1024.png 1024w, https:\/\/akademiaspokojuzycia.pl\/wp-content\/uploads\/2024\/04\/warsztaty-pozytywnego-myslenia-3-300x300.png 300w, https:\/\/akademiaspokojuzycia.pl\/wp-content\/uploads\/2024\/04\/warsztaty-pozytywnego-myslenia-3-150x150.png 150w, https:\/\/akademiaspokojuzycia.pl\/wp-content\/uploads\/2024\/04\/warsztaty-pozytywnego-myslenia-3-768x768.png 768w, https:\/\/akademiaspokojuzycia.pl\/wp-content\/uploads\/2024\/04\/warsztaty-pozytywnego-myslenia-3-1536x1536.png 1536w, https:\/\/akademiaspokojuzycia.pl\/wp-content\/uploads\/2024\/04\/warsztaty-pozytywnego-myslenia-3-100x100.png 100w, https:\/\/akademiaspokojuzycia.pl\/wp-content\/uploads\/2024\/04\/warsztaty-pozytywnego-myslenia-3.png 1890w\" sizes=\"(max-width: 767px) 89vw, (max-width: 1000px) 54vw, (max-width: 1071px) 543px, 580px\" \/><\/a><\/figure>\n\n\n\n<figure class=\"wp-block-image size-large\"><a href=\"https:\/\/akademiaspokojuzycia.pl\/?page_id=220\" target=\"_blank\" rel=\"noreferrer noopener\"><img decoding=\"async\" width=\"1024\" height=\"1024\" data-id=\"204\" src=\"https:\/\/akademiaspokojuzycia.pl\/wp-content\/uploads\/2024\/04\/Psychologia-ksztaltowania-motywacji-1-1024x1024.png\" alt=\"\" class=\"wp-image-204\" srcset=\"https:\/\/akademiaspokojuzycia.pl\/wp-content\/uploads\/2024\/04\/Psychologia-ksztaltowania-motywacji-1-1024x1024.png 1024w, https:\/\/akademiaspokojuzycia.pl\/wp-content\/uploads\/2024\/04\/Psychologia-ksztaltowania-motywacji-1-300x300.png 300w, https:\/\/akademiaspokojuzycia.pl\/wp-content\/uploads\/2024\/04\/Psychologia-ksztaltowania-motywacji-1-150x150.png 150w, https:\/\/akademiaspokojuzycia.pl\/wp-content\/uploads\/2024\/04\/Psychologia-ksztaltowania-motywacji-1-768x768.png 768w, https:\/\/akademiaspokojuzycia.pl\/wp-content\/uploads\/2024\/04\/Psychologia-ksztaltowania-motywacji-1-1536x1536.png 1536w, https:\/\/akademiaspokojuzycia.pl\/wp-content\/uploads\/2024\/04\/Psychologia-ksztaltowania-motywacji-1-100x100.png 100w, https:\/\/akademiaspokojuzycia.pl\/wp-content\/uploads\/2024\/04\/Psychologia-ksztaltowania-motywacji-1.png 1890w\" sizes=\"(max-width: 767px) 89vw, (max-width: 1000px) 54vw, (max-width: 1071px) 543px, 580px\" \/><\/a><\/figure>\n\n\n\n<figure class=\"wp-block-image size-large\"><a href=\"https:\/\/akademiaspokojuzycia.pl\/?page_id=209\" target=\"_blank\" rel=\"noreferrer noopener\"><img decoding=\"async\" width=\"1024\" height=\"1024\" data-id=\"207\" src=\"https:\/\/akademiaspokojuzycia.pl\/wp-content\/uploads\/2024\/04\/Efektywny-odpoczynek-1-1024x1024.png\" alt=\"\" class=\"wp-image-207\" srcset=\"https:\/\/akademiaspokojuzycia.pl\/wp-content\/uploads\/2024\/04\/Efektywny-odpoczynek-1-1024x1024.png 1024w, https:\/\/akademiaspokojuzycia.pl\/wp-content\/uploads\/2024\/04\/Efektywny-odpoczynek-1-300x300.png 300w, https:\/\/akademiaspokojuzycia.pl\/wp-content\/uploads\/2024\/04\/Efektywny-odpoczynek-1-150x150.png 150w, https:\/\/akademiaspokojuzycia.pl\/wp-content\/uploads\/2024\/04\/Efektywny-odpoczynek-1-768x768.png 768w, https:\/\/akademiaspokojuzycia.pl\/wp-content\/uploads\/2024\/04\/Efektywny-odpoczynek-1-1536x1536.png 1536w, https:\/\/akademiaspokojuzycia.pl\/wp-content\/uploads\/2024\/04\/Efektywny-odpoczynek-1-100x100.png 100w, https:\/\/akademiaspokojuzycia.pl\/wp-content\/uploads\/2024\/04\/Efektywny-odpoczynek-1.png 1890w\" sizes=\"(max-width: 767px) 89vw, (max-width: 1000px) 54vw, (max-width: 1071px) 543px, 580px\" \/><\/a><\/figure>\n\n\n\n<figure class=\"wp-block-image size-large\"><a href=\"https:\/\/akademiaspokojuzycia.pl\/?page_id=216\" target=\"_blank\" rel=\"noreferrer noopener\"><img loading=\"lazy\" decoding=\"async\" width=\"1024\" height=\"1024\" data-id=\"206\" src=\"https:\/\/akademiaspokojuzycia.pl\/wp-content\/uploads\/2024\/04\/szkolenia-komunikacja-1-1024x1024.png\" alt=\"\" class=\"wp-image-206\" srcset=\"https:\/\/akademiaspokojuzycia.pl\/wp-content\/uploads\/2024\/04\/szkolenia-komunikacja-1-1024x1024.png 1024w, https:\/\/akademiaspokojuzycia.pl\/wp-content\/uploads\/2024\/04\/szkolenia-komunikacja-1-300x300.png 300w, https:\/\/akademiaspokojuzycia.pl\/wp-content\/uploads\/2024\/04\/szkolenia-komunikacja-1-150x150.png 150w, https:\/\/akademiaspokojuzycia.pl\/wp-content\/uploads\/2024\/04\/szkolenia-komunikacja-1-768x768.png 768w, https:\/\/akademiaspokojuzycia.pl\/wp-content\/uploads\/2024\/04\/szkolenia-komunikacja-1-1536x1536.png 1536w, https:\/\/akademiaspokojuzycia.pl\/wp-content\/uploads\/2024\/04\/szkolenia-komunikacja-1-100x100.png 100w, https:\/\/akademiaspokojuzycia.pl\/wp-content\/uploads\/2024\/04\/szkolenia-komunikacja-1.png 1890w\" sizes=\"(max-width: 767px) 89vw, (max-width: 1000px) 54vw, (max-width: 1071px) 543px, 580px\" \/><\/a><\/figure>\n<\/figure>\n","protected":false},"excerpt":{"rendered":"<p>W dzisiejszym dynamicznym \u015bwiecie sukces ka\u017cdej organizacji cz\u0119sto opiera si\u0119 na zrozumieniu ludzkiego zachowania i stosowaniu odpowiednich strategii psychologicznych. Nasze szkolenia zosta\u0142y starannie zaprojektowane, aby dostarczy\u0107 Pa\u0144stwa firmie, instytucji praktycznych narz\u0119dzi i wiedzy niezb\u0119dnych do skutecznego zarz\u0105dzania zasobami ludzkimi, komunikacji wewn\u0119trznej oraz budowania pozytywnej kultury organizacyjnej.&nbsp; Rozumiemy, \u017ce ka\u017cdy ma swoje unikalne potrzeby. Dlatego te\u017c &hellip; <\/p>\n<p class=\"link-more\"><a href=\"https:\/\/akademiaspokojuzycia.pl\/?page_id=15\" class=\"more-link\">Czytaj dalej<span class=\"screen-reader-text\"> \u201eSZKOLENIA\u201d<\/span><\/a><\/p>\n","protected":false},"author":1,"featured_media":88,"parent":0,"menu_order":0,"comment_status":"open","ping_status":"closed","template":"","meta":{"footnotes":""},"class_list":["post-15","page","type-page","status-publish","has-post-thumbnail","hentry"],"yoast_head":"<!-- This site is optimized with the Yoast SEO plugin v22.6 - https:\/\/yoast.com\/wordpress\/plugins\/seo\/ -->\n<title>szkolenia warsztaty integracja akademiaspokojuzycia.pl<\/title>\n<meta name=\"description\" content=\"Nasze szkolenia zosta\u0142y starannie zaprojektowane, aby dostarczy\u0107 Pa\u0144stwa firmie, instytucji praktycznych narz\u0119dzi i wiedzy niezb\u0119dnych do ...\" \/>\n<meta name=\"robots\" content=\"index, follow, max-snippet:-1, max-image-preview:large, max-video-preview:-1\" \/>\n<link rel=\"canonical\" href=\"https:\/\/akademiaspokojuzycia.pl\/?page_id=15\" \/>\n<meta property=\"og:locale\" content=\"pl_PL\" \/>\n<meta property=\"og:type\" content=\"article\" \/>\n<meta property=\"og:title\" content=\"szkolenia warsztaty integracja akademiaspokojuzycia.pl\" \/>\n<meta property=\"og:description\" content=\"Nasze szkolenia zosta\u0142y starannie zaprojektowane, aby dostarczy\u0107 Pa\u0144stwa firmie, instytucji praktycznych narz\u0119dzi i wiedzy niezb\u0119dnych do ...\" \/>\n<meta property=\"og:url\" content=\"https:\/\/akademiaspokojuzycia.pl\/?page_id=15\" \/>\n<meta property=\"article:modified_time\" content=\"2024-07-30T15:48:37+00:00\" \/>\n<meta property=\"og:image\" content=\"https:\/\/akademiaspokojuzycia.pl\/wp-content\/uploads\/2024\/03\/7-1.png\" \/>\n\t<meta property=\"og:image:width\" content=\"1920\" \/>\n\t<meta property=\"og:image:height\" content=\"782\" \/>\n\t<meta property=\"og:image:type\" content=\"image\/png\" \/>\n<meta name=\"twitter:card\" content=\"summary_large_image\" \/>\n<meta name=\"twitter:label1\" content=\"Szacowany czas czytania\" \/>\n\t<meta name=\"twitter:data1\" content=\"3 minuty\" \/>\n<script type=\"application\/ld+json\" class=\"yoast-schema-graph\">{\"@context\":\"https:\/\/schema.org\",\"@graph\":[{\"@type\":\"WebPage\",\"@id\":\"https:\/\/akademiaspokojuzycia.pl\/?page_id=15\",\"url\":\"https:\/\/akademiaspokojuzycia.pl\/?page_id=15\",\"name\":\"szkolenia warsztaty integracja akademiaspokojuzycia.pl\",\"isPartOf\":{\"@id\":\"https:\/\/akademiaspokojuzycia.pl\/#website\"},\"primaryImageOfPage\":{\"@id\":\"https:\/\/akademiaspokojuzycia.pl\/?page_id=15#primaryimage\"},\"image\":{\"@id\":\"https:\/\/akademiaspokojuzycia.pl\/?page_id=15#primaryimage\"},\"thumbnailUrl\":\"https:\/\/akademiaspokojuzycia.pl\/wp-content\/uploads\/2024\/03\/7-1.png\",\"datePublished\":\"2024-03-26T21:38:17+00:00\",\"dateModified\":\"2024-07-30T15:48:37+00:00\",\"description\":\"Nasze szkolenia zosta\u0142y starannie zaprojektowane, aby dostarczy\u0107 Pa\u0144stwa firmie, instytucji praktycznych narz\u0119dzi i wiedzy niezb\u0119dnych do ...\",\"breadcrumb\":{\"@id\":\"https:\/\/akademiaspokojuzycia.pl\/?page_id=15#breadcrumb\"},\"inLanguage\":\"pl-PL\",\"potentialAction\":[{\"@type\":\"ReadAction\",\"target\":[\"https:\/\/akademiaspokojuzycia.pl\/?page_id=15\"]}]},{\"@type\":\"ImageObject\",\"inLanguage\":\"pl-PL\",\"@id\":\"https:\/\/akademiaspokojuzycia.pl\/?page_id=15#primaryimage\",\"url\":\"https:\/\/akademiaspokojuzycia.pl\/wp-content\/uploads\/2024\/03\/7-1.png\",\"contentUrl\":\"https:\/\/akademiaspokojuzycia.pl\/wp-content\/uploads\/2024\/03\/7-1.png\",\"width\":1920,\"height\":782},{\"@type\":\"BreadcrumbList\",\"@id\":\"https:\/\/akademiaspokojuzycia.pl\/?page_id=15#breadcrumb\",\"itemListElement\":[{\"@type\":\"ListItem\",\"position\":1,\"name\":\"Home\",\"item\":\"https:\/\/akademiaspokojuzycia.pl\/\"},{\"@type\":\"ListItem\",\"position\":2,\"name\":\"SZKOLENIA\"}]},{\"@type\":\"WebSite\",\"@id\":\"https:\/\/akademiaspokojuzycia.pl\/#website\",\"url\":\"https:\/\/akademiaspokojuzycia.pl\/\",\"name\":\"\",\"description\":\"\",\"potentialAction\":[{\"@type\":\"SearchAction\",\"target\":{\"@type\":\"EntryPoint\",\"urlTemplate\":\"https:\/\/akademiaspokojuzycia.pl\/?s={search_term_string}\"},\"query-input\":\"required name=search_term_string\"}],\"inLanguage\":\"pl-PL\"}]}<\/script>\n<!-- \/ Yoast SEO plugin. -->","yoast_head_json":{"title":"szkolenia warsztaty integracja akademiaspokojuzycia.pl","description":"Nasze szkolenia zosta\u0142y starannie zaprojektowane, aby dostarczy\u0107 Pa\u0144stwa firmie, instytucji praktycznych narz\u0119dzi i wiedzy niezb\u0119dnych do ...","robots":{"index":"index","follow":"follow","max-snippet":"max-snippet:-1","max-image-preview":"max-image-preview:large","max-video-preview":"max-video-preview:-1"},"canonical":"https:\/\/akademiaspokojuzycia.pl\/?page_id=15","og_locale":"pl_PL","og_type":"article","og_title":"szkolenia warsztaty integracja akademiaspokojuzycia.pl","og_description":"Nasze szkolenia zosta\u0142y starannie zaprojektowane, aby dostarczy\u0107 Pa\u0144stwa firmie, instytucji praktycznych narz\u0119dzi i wiedzy niezb\u0119dnych do ...","og_url":"https:\/\/akademiaspokojuzycia.pl\/?page_id=15","article_modified_time":"2024-07-30T15:48:37+00:00","og_image":[{"width":1920,"height":782,"url":"https:\/\/akademiaspokojuzycia.pl\/wp-content\/uploads\/2024\/03\/7-1.png","type":"image\/png"}],"twitter_card":"summary_large_image","twitter_misc":{"Szacowany czas czytania":"3 minuty"},"schema":{"@context":"https:\/\/schema.org","@graph":[{"@type":"WebPage","@id":"https:\/\/akademiaspokojuzycia.pl\/?page_id=15","url":"https:\/\/akademiaspokojuzycia.pl\/?page_id=15","name":"szkolenia warsztaty integracja akademiaspokojuzycia.pl","isPartOf":{"@id":"https:\/\/akademiaspokojuzycia.pl\/#website"},"primaryImageOfPage":{"@id":"https:\/\/akademiaspokojuzycia.pl\/?page_id=15#primaryimage"},"image":{"@id":"https:\/\/akademiaspokojuzycia.pl\/?page_id=15#primaryimage"},"thumbnailUrl":"https:\/\/akademiaspokojuzycia.pl\/wp-content\/uploads\/2024\/03\/7-1.png","datePublished":"2024-03-26T21:38:17+00:00","dateModified":"2024-07-30T15:48:37+00:00","description":"Nasze szkolenia zosta\u0142y starannie zaprojektowane, aby dostarczy\u0107 Pa\u0144stwa firmie, instytucji praktycznych narz\u0119dzi i wiedzy niezb\u0119dnych do ...","breadcrumb":{"@id":"https:\/\/akademiaspokojuzycia.pl\/?page_id=15#breadcrumb"},"inLanguage":"pl-PL","potentialAction":[{"@type":"ReadAction","target":["https:\/\/akademiaspokojuzycia.pl\/?page_id=15"]}]},{"@type":"ImageObject","inLanguage":"pl-PL","@id":"https:\/\/akademiaspokojuzycia.pl\/?page_id=15#primaryimage","url":"https:\/\/akademiaspokojuzycia.pl\/wp-content\/uploads\/2024\/03\/7-1.png","contentUrl":"https:\/\/akademiaspokojuzycia.pl\/wp-content\/uploads\/2024\/03\/7-1.png","width":1920,"height":782},{"@type":"BreadcrumbList","@id":"https:\/\/akademiaspokojuzycia.pl\/?page_id=15#breadcrumb","itemListElement":[{"@type":"ListItem","position":1,"name":"Home","item":"https:\/\/akademiaspokojuzycia.pl\/"},{"@type":"ListItem","position":2,"name":"SZKOLENIA"}]},{"@type":"WebSite","@id":"https:\/\/akademiaspokojuzycia.pl\/#website","url":"https:\/\/akademiaspokojuzycia.pl\/","name":"","description":"","potentialAction":[{"@type":"SearchAction","target":{"@type":"EntryPoint","urlTemplate":"https:\/\/akademiaspokojuzycia.pl\/?s={search_term_string}"},"query-input":"required name=search_term_string"}],"inLanguage":"pl-PL"}]}},"_links":{"self":[{"href":"https:\/\/akademiaspokojuzycia.pl\/index.php?rest_route=\/wp\/v2\/pages\/15","targetHints":{"allow":["GET"]}}],"collection":[{"href":"https:\/\/akademiaspokojuzycia.pl\/index.php?rest_route=\/wp\/v2\/pages"}],"about":[{"href":"https:\/\/akademiaspokojuzycia.pl\/index.php?rest_route=\/wp\/v2\/types\/page"}],"author":[{"embeddable":true,"href":"https:\/\/akademiaspokojuzycia.pl\/index.php?rest_route=\/wp\/v2\/users\/1"}],"replies":[{"embeddable":true,"href":"https:\/\/akademiaspokojuzycia.pl\/index.php?rest_route=%2Fwp%2Fv2%2Fcomments&post=15"}],"version-history":[{"count":23,"href":"https:\/\/akademiaspokojuzycia.pl\/index.php?rest_route=\/wp\/v2\/pages\/15\/revisions"}],"predecessor-version":[{"id":223,"href":"https:\/\/akademiaspokojuzycia.pl\/index.php?rest_route=\/wp\/v2\/pages\/15\/revisions\/223"}],"wp:featuredmedia":[{"embeddable":true,"href":"https:\/\/akademiaspokojuzycia.pl\/index.php?rest_route=\/wp\/v2\/media\/88"}],"wp:attachment":[{"href":"https:\/\/akademiaspokojuzycia.pl\/index.php?rest_route=%2Fwp%2Fv2%2Fmedia&parent=15"}],"curies":[{"name":"wp","href":"https:\/\/api.w.org\/{rel}","templated":true}]}}