{"id":216,"date":"2024-04-11T13:49:15","date_gmt":"2024-04-11T11:49:15","guid":{"rendered":"https:\/\/akademiaspokojuzycia.pl\/?page_id=216"},"modified":"2024-04-11T14:14:00","modified_gmt":"2024-04-11T12:14:00","slug":"skuteczna-komunikacja-w-zespole-pracowniczym","status":"publish","type":"page","link":"https:\/\/akademiaspokojuzycia.pl\/?page_id=216","title":{"rendered":"SKUTECZNA KOMUNIKACJA W ZESPOLE PRACOWNICZYM"},"content":{"rendered":"\n<p class=\"has-small-font-size\"><em>Szkolenie dedykowane dla pracownik\u00f3w i kadry menad\u017cerskiej<\/em><\/p>\n\n\n\n<p class=\"has-small-font-size\">Szkolenie dostarczy uczestnikom niezb\u0119dnych narz\u0119dzi i umiej\u0119tno\u015bci do efektywnej komunikacji w miejscu pracy.<br>Komunikacja odgrywa kluczow\u0105 rol\u0119 we wszelkich zespo\u0142ach i organizacjach, wp\u0142ywaj\u0105c nie tylko na efektywno\u015b\u0107 pracy, ale tak\u017ce na atmosfer\u0119 i relacje mi\u0119dzy pracownikami i Klientami.<br>Podczas tego szkolenia uczestnicy zdob\u0119d\u0105 wiedz\u0119 na temat r\u00f3\u017cnych aspekt\u00f3w komunikacji, w tym technik s\u0142uchania aktywnego, wyra\u017cania siebie w spos\u00f3b klarowny i zrozumia\u0142y, radzenia sobie z konfliktami komunikacyjnymi oraz budowania pozytywnych relacji w zespole.<\/p>\n\n\n\n<figure class=\"wp-block-gallery has-nested-images columns-4 is-cropped wp-block-gallery-1 is-layout-flex wp-block-gallery-is-layout-flex\">\n<figure class=\"wp-block-image size-large\"><img fetchpriority=\"high\" decoding=\"async\" width=\"1024\" height=\"1024\" data-id=\"206\" src=\"https:\/\/akademiaspokojuzycia.pl\/wp-content\/uploads\/2024\/04\/szkolenia-komunikacja-1-1024x1024.png\" alt=\"\" class=\"wp-image-206\" srcset=\"https:\/\/akademiaspokojuzycia.pl\/wp-content\/uploads\/2024\/04\/szkolenia-komunikacja-1-1024x1024.png 1024w, https:\/\/akademiaspokojuzycia.pl\/wp-content\/uploads\/2024\/04\/szkolenia-komunikacja-1-300x300.png 300w, https:\/\/akademiaspokojuzycia.pl\/wp-content\/uploads\/2024\/04\/szkolenia-komunikacja-1-150x150.png 150w, https:\/\/akademiaspokojuzycia.pl\/wp-content\/uploads\/2024\/04\/szkolenia-komunikacja-1-768x768.png 768w, https:\/\/akademiaspokojuzycia.pl\/wp-content\/uploads\/2024\/04\/szkolenia-komunikacja-1-1536x1536.png 1536w, https:\/\/akademiaspokojuzycia.pl\/wp-content\/uploads\/2024\/04\/szkolenia-komunikacja-1-100x100.png 100w, https:\/\/akademiaspokojuzycia.pl\/wp-content\/uploads\/2024\/04\/szkolenia-komunikacja-1.png 1890w\" sizes=\"(max-width: 767px) 89vw, (max-width: 1000px) 54vw, (max-width: 1071px) 543px, 580px\" \/><\/figure>\n\n\n\n<figure class=\"wp-block-image size-large\"><img decoding=\"async\" width=\"1024\" height=\"1024\" data-id=\"45\" src=\"https:\/\/akademiaspokojuzycia.pl\/wp-content\/uploads\/2024\/03\/ASZ-gotowe-2-1024x1024.jpg\" alt=\"\" class=\"wp-image-45\" srcset=\"https:\/\/akademiaspokojuzycia.pl\/wp-content\/uploads\/2024\/03\/ASZ-gotowe-2-1024x1024.jpg 1024w, https:\/\/akademiaspokojuzycia.pl\/wp-content\/uploads\/2024\/03\/ASZ-gotowe-2-300x300.jpg 300w, https:\/\/akademiaspokojuzycia.pl\/wp-content\/uploads\/2024\/03\/ASZ-gotowe-2-150x150.jpg 150w, https:\/\/akademiaspokojuzycia.pl\/wp-content\/uploads\/2024\/03\/ASZ-gotowe-2-768x768.jpg 768w, https:\/\/akademiaspokojuzycia.pl\/wp-content\/uploads\/2024\/03\/ASZ-gotowe-2-1536x1536.jpg 1536w, https:\/\/akademiaspokojuzycia.pl\/wp-content\/uploads\/2024\/03\/ASZ-gotowe-2-100x100.jpg 100w, https:\/\/akademiaspokojuzycia.pl\/wp-content\/uploads\/2024\/03\/ASZ-gotowe-2.jpg 1890w\" sizes=\"(max-width: 767px) 89vw, (max-width: 1000px) 54vw, (max-width: 1071px) 543px, 580px\" \/><\/figure>\n\n\n\n<figure class=\"wp-block-image size-large\"><img decoding=\"async\" width=\"1024\" height=\"1024\" data-id=\"51\" src=\"https:\/\/akademiaspokojuzycia.pl\/wp-content\/uploads\/2024\/03\/1-1-1024x1024.png\" alt=\"\" class=\"wp-image-51\" srcset=\"https:\/\/akademiaspokojuzycia.pl\/wp-content\/uploads\/2024\/03\/1-1-1024x1024.png 1024w, https:\/\/akademiaspokojuzycia.pl\/wp-content\/uploads\/2024\/03\/1-1-300x300.png 300w, https:\/\/akademiaspokojuzycia.pl\/wp-content\/uploads\/2024\/03\/1-1-150x150.png 150w, https:\/\/akademiaspokojuzycia.pl\/wp-content\/uploads\/2024\/03\/1-1-768x768.png 768w, https:\/\/akademiaspokojuzycia.pl\/wp-content\/uploads\/2024\/03\/1-1-1536x1536.png 1536w, https:\/\/akademiaspokojuzycia.pl\/wp-content\/uploads\/2024\/03\/1-1-100x100.png 100w, https:\/\/akademiaspokojuzycia.pl\/wp-content\/uploads\/2024\/03\/1-1.png 1890w\" sizes=\"(max-width: 767px) 89vw, (max-width: 1000px) 54vw, (max-width: 1071px) 543px, 580px\" \/><\/figure>\n\n\n\n<figure class=\"wp-block-image size-large\"><img loading=\"lazy\" decoding=\"async\" width=\"1024\" height=\"1024\" data-id=\"135\" src=\"https:\/\/akademiaspokojuzycia.pl\/wp-content\/uploads\/2024\/03\/1-2-1024x1024.png\" alt=\"\" class=\"wp-image-135\" srcset=\"https:\/\/akademiaspokojuzycia.pl\/wp-content\/uploads\/2024\/03\/1-2-1024x1024.png 1024w, https:\/\/akademiaspokojuzycia.pl\/wp-content\/uploads\/2024\/03\/1-2-300x300.png 300w, https:\/\/akademiaspokojuzycia.pl\/wp-content\/uploads\/2024\/03\/1-2-150x150.png 150w, https:\/\/akademiaspokojuzycia.pl\/wp-content\/uploads\/2024\/03\/1-2-768x768.png 768w, https:\/\/akademiaspokojuzycia.pl\/wp-content\/uploads\/2024\/03\/1-2-1536x1536.png 1536w, https:\/\/akademiaspokojuzycia.pl\/wp-content\/uploads\/2024\/03\/1-2-100x100.png 100w, https:\/\/akademiaspokojuzycia.pl\/wp-content\/uploads\/2024\/03\/1-2.png 1890w\" sizes=\"(max-width: 767px) 89vw, (max-width: 1000px) 54vw, (max-width: 1071px) 543px, 580px\" \/><\/figure>\n<\/figure>\n","protected":false},"excerpt":{"rendered":"<p>Szkolenie dedykowane dla pracownik\u00f3w i kadry menad\u017cerskiej Szkolenie dostarczy uczestnikom niezb\u0119dnych narz\u0119dzi i umiej\u0119tno\u015bci do efektywnej komunikacji w miejscu pracy.Komunikacja odgrywa kluczow\u0105 rol\u0119 we wszelkich zespo\u0142ach i organizacjach, wp\u0142ywaj\u0105c nie tylko na efektywno\u015b\u0107 pracy, ale tak\u017ce na atmosfer\u0119 i relacje mi\u0119dzy pracownikami i Klientami.Podczas tego szkolenia uczestnicy zdob\u0119d\u0105 wiedz\u0119 na temat r\u00f3\u017cnych aspekt\u00f3w komunikacji, w &hellip; <\/p>\n<p class=\"link-more\"><a href=\"https:\/\/akademiaspokojuzycia.pl\/?page_id=216\" class=\"more-link\">Czytaj dalej<span class=\"screen-reader-text\"> \u201eSKUTECZNA KOMUNIKACJA W ZESPOLE PRACOWNICZYM\u201d<\/span><\/a><\/p>\n","protected":false},"author":1,"featured_media":217,"parent":0,"menu_order":0,"comment_status":"open","ping_status":"closed","template":"","meta":{"footnotes":""},"class_list":["post-216","page","type-page","status-publish","has-post-thumbnail","hentry"],"yoast_head":"<!-- This site is optimized with the Yoast SEO plugin v22.6 - https:\/\/yoast.com\/wordpress\/plugins\/seo\/ -->\n<title>SKUTECZNA KOMUNIKACJA W ZESPOLE PRACOWNICZYM -<\/title>\n<meta name=\"description\" content=\"SKUTECZNA KOMUNIKACJA W ZESPOLE PRACOWNICZYM\" \/>\n<meta name=\"robots\" content=\"index, follow, max-snippet:-1, max-image-preview:large, max-video-preview:-1\" \/>\n<link rel=\"canonical\" href=\"https:\/\/akademiaspokojuzycia.pl\/?page_id=216\" \/>\n<meta property=\"og:locale\" content=\"pl_PL\" \/>\n<meta property=\"og:type\" content=\"article\" \/>\n<meta property=\"og:title\" content=\"SKUTECZNA KOMUNIKACJA W ZESPOLE PRACOWNICZYM -\" \/>\n<meta property=\"og:description\" content=\"SKUTECZNA KOMUNIKACJA W ZESPOLE PRACOWNICZYM\" \/>\n<meta property=\"og:url\" content=\"https:\/\/akademiaspokojuzycia.pl\/?page_id=216\" \/>\n<meta property=\"article:modified_time\" content=\"2024-04-11T12:14:00+00:00\" \/>\n<meta property=\"og:image\" content=\"https:\/\/akademiaspokojuzycia.pl\/wp-content\/uploads\/2024\/04\/grafiki-508-207-komunikacja.png\" \/>\n\t<meta property=\"og:image:width\" content=\"1920\" \/>\n\t<meta property=\"og:image:height\" content=\"782\" \/>\n\t<meta property=\"og:image:type\" content=\"image\/png\" \/>\n<meta name=\"twitter:card\" content=\"summary_large_image\" \/>\n<meta name=\"twitter:label1\" content=\"Szacowany czas czytania\" \/>\n\t<meta name=\"twitter:data1\" content=\"2 minuty\" \/>\n<script type=\"application\/ld+json\" class=\"yoast-schema-graph\">{\"@context\":\"https:\/\/schema.org\",\"@graph\":[{\"@type\":\"WebPage\",\"@id\":\"https:\/\/akademiaspokojuzycia.pl\/?page_id=216\",\"url\":\"https:\/\/akademiaspokojuzycia.pl\/?page_id=216\",\"name\":\"SKUTECZNA KOMUNIKACJA W ZESPOLE PRACOWNICZYM -\",\"isPartOf\":{\"@id\":\"https:\/\/akademiaspokojuzycia.pl\/#website\"},\"primaryImageOfPage\":{\"@id\":\"https:\/\/akademiaspokojuzycia.pl\/?page_id=216#primaryimage\"},\"image\":{\"@id\":\"https:\/\/akademiaspokojuzycia.pl\/?page_id=216#primaryimage\"},\"thumbnailUrl\":\"https:\/\/akademiaspokojuzycia.pl\/wp-content\/uploads\/2024\/04\/grafiki-508-207-komunikacja.png\",\"datePublished\":\"2024-04-11T11:49:15+00:00\",\"dateModified\":\"2024-04-11T12:14:00+00:00\",\"description\":\"SKUTECZNA KOMUNIKACJA W ZESPOLE PRACOWNICZYM\",\"breadcrumb\":{\"@id\":\"https:\/\/akademiaspokojuzycia.pl\/?page_id=216#breadcrumb\"},\"inLanguage\":\"pl-PL\",\"potentialAction\":[{\"@type\":\"ReadAction\",\"target\":[\"https:\/\/akademiaspokojuzycia.pl\/?page_id=216\"]}]},{\"@type\":\"ImageObject\",\"inLanguage\":\"pl-PL\",\"@id\":\"https:\/\/akademiaspokojuzycia.pl\/?page_id=216#primaryimage\",\"url\":\"https:\/\/akademiaspokojuzycia.pl\/wp-content\/uploads\/2024\/04\/grafiki-508-207-komunikacja.png\",\"contentUrl\":\"https:\/\/akademiaspokojuzycia.pl\/wp-content\/uploads\/2024\/04\/grafiki-508-207-komunikacja.png\",\"width\":1920,\"height\":782},{\"@type\":\"BreadcrumbList\",\"@id\":\"https:\/\/akademiaspokojuzycia.pl\/?page_id=216#breadcrumb\",\"itemListElement\":[{\"@type\":\"ListItem\",\"position\":1,\"name\":\"Home\",\"item\":\"https:\/\/akademiaspokojuzycia.pl\/\"},{\"@type\":\"ListItem\",\"position\":2,\"name\":\"SKUTECZNA KOMUNIKACJA W ZESPOLE PRACOWNICZYM\"}]},{\"@type\":\"WebSite\",\"@id\":\"https:\/\/akademiaspokojuzycia.pl\/#website\",\"url\":\"https:\/\/akademiaspokojuzycia.pl\/\",\"name\":\"\",\"description\":\"\",\"potentialAction\":[{\"@type\":\"SearchAction\",\"target\":{\"@type\":\"EntryPoint\",\"urlTemplate\":\"https:\/\/akademiaspokojuzycia.pl\/?s={search_term_string}\"},\"query-input\":\"required name=search_term_string\"}],\"inLanguage\":\"pl-PL\"}]}<\/script>\n<!-- \/ Yoast SEO plugin. -->","yoast_head_json":{"title":"SKUTECZNA KOMUNIKACJA W ZESPOLE PRACOWNICZYM -","description":"SKUTECZNA KOMUNIKACJA W ZESPOLE PRACOWNICZYM","robots":{"index":"index","follow":"follow","max-snippet":"max-snippet:-1","max-image-preview":"max-image-preview:large","max-video-preview":"max-video-preview:-1"},"canonical":"https:\/\/akademiaspokojuzycia.pl\/?page_id=216","og_locale":"pl_PL","og_type":"article","og_title":"SKUTECZNA KOMUNIKACJA W ZESPOLE PRACOWNICZYM -","og_description":"SKUTECZNA KOMUNIKACJA W ZESPOLE PRACOWNICZYM","og_url":"https:\/\/akademiaspokojuzycia.pl\/?page_id=216","article_modified_time":"2024-04-11T12:14:00+00:00","og_image":[{"width":1920,"height":782,"url":"https:\/\/akademiaspokojuzycia.pl\/wp-content\/uploads\/2024\/04\/grafiki-508-207-komunikacja.png","type":"image\/png"}],"twitter_card":"summary_large_image","twitter_misc":{"Szacowany czas czytania":"2 minuty"},"schema":{"@context":"https:\/\/schema.org","@graph":[{"@type":"WebPage","@id":"https:\/\/akademiaspokojuzycia.pl\/?page_id=216","url":"https:\/\/akademiaspokojuzycia.pl\/?page_id=216","name":"SKUTECZNA KOMUNIKACJA W ZESPOLE PRACOWNICZYM -","isPartOf":{"@id":"https:\/\/akademiaspokojuzycia.pl\/#website"},"primaryImageOfPage":{"@id":"https:\/\/akademiaspokojuzycia.pl\/?page_id=216#primaryimage"},"image":{"@id":"https:\/\/akademiaspokojuzycia.pl\/?page_id=216#primaryimage"},"thumbnailUrl":"https:\/\/akademiaspokojuzycia.pl\/wp-content\/uploads\/2024\/04\/grafiki-508-207-komunikacja.png","datePublished":"2024-04-11T11:49:15+00:00","dateModified":"2024-04-11T12:14:00+00:00","description":"SKUTECZNA KOMUNIKACJA W ZESPOLE PRACOWNICZYM","breadcrumb":{"@id":"https:\/\/akademiaspokojuzycia.pl\/?page_id=216#breadcrumb"},"inLanguage":"pl-PL","potentialAction":[{"@type":"ReadAction","target":["https:\/\/akademiaspokojuzycia.pl\/?page_id=216"]}]},{"@type":"ImageObject","inLanguage":"pl-PL","@id":"https:\/\/akademiaspokojuzycia.pl\/?page_id=216#primaryimage","url":"https:\/\/akademiaspokojuzycia.pl\/wp-content\/uploads\/2024\/04\/grafiki-508-207-komunikacja.png","contentUrl":"https:\/\/akademiaspokojuzycia.pl\/wp-content\/uploads\/2024\/04\/grafiki-508-207-komunikacja.png","width":1920,"height":782},{"@type":"BreadcrumbList","@id":"https:\/\/akademiaspokojuzycia.pl\/?page_id=216#breadcrumb","itemListElement":[{"@type":"ListItem","position":1,"name":"Home","item":"https:\/\/akademiaspokojuzycia.pl\/"},{"@type":"ListItem","position":2,"name":"SKUTECZNA KOMUNIKACJA W ZESPOLE PRACOWNICZYM"}]},{"@type":"WebSite","@id":"https:\/\/akademiaspokojuzycia.pl\/#website","url":"https:\/\/akademiaspokojuzycia.pl\/","name":"","description":"","potentialAction":[{"@type":"SearchAction","target":{"@type":"EntryPoint","urlTemplate":"https:\/\/akademiaspokojuzycia.pl\/?s={search_term_string}"},"query-input":"required name=search_term_string"}],"inLanguage":"pl-PL"}]}},"_links":{"self":[{"href":"https:\/\/akademiaspokojuzycia.pl\/index.php?rest_route=\/wp\/v2\/pages\/216","targetHints":{"allow":["GET"]}}],"collection":[{"href":"https:\/\/akademiaspokojuzycia.pl\/index.php?rest_route=\/wp\/v2\/pages"}],"about":[{"href":"https:\/\/akademiaspokojuzycia.pl\/index.php?rest_route=\/wp\/v2\/types\/page"}],"author":[{"embeddable":true,"href":"https:\/\/akademiaspokojuzycia.pl\/index.php?rest_route=\/wp\/v2\/users\/1"}],"replies":[{"embeddable":true,"href":"https:\/\/akademiaspokojuzycia.pl\/index.php?rest_route=%2Fwp%2Fv2%2Fcomments&post=216"}],"version-history":[{"count":2,"href":"https:\/\/akademiaspokojuzycia.pl\/index.php?rest_route=\/wp\/v2\/pages\/216\/revisions"}],"predecessor-version":[{"id":234,"href":"https:\/\/akademiaspokojuzycia.pl\/index.php?rest_route=\/wp\/v2\/pages\/216\/revisions\/234"}],"wp:featuredmedia":[{"embeddable":true,"href":"https:\/\/akademiaspokojuzycia.pl\/index.php?rest_route=\/wp\/v2\/media\/217"}],"wp:attachment":[{"href":"https:\/\/akademiaspokojuzycia.pl\/index.php?rest_route=%2Fwp%2Fv2%2Fmedia&parent=216"}],"curies":[{"name":"wp","href":"https:\/\/api.w.org\/{rel}","templated":true}]}}