{"id":220,"date":"2024-04-11T13:56:19","date_gmt":"2024-04-11T11:56:19","guid":{"rendered":"https:\/\/akademiaspokojuzycia.pl\/?page_id=220"},"modified":"2024-04-11T14:11:28","modified_gmt":"2024-04-11T12:11:28","slug":"psychologia-ksztaltowania-motywacji","status":"publish","type":"page","link":"https:\/\/akademiaspokojuzycia.pl\/?page_id=220","title":{"rendered":"PSYCHOLOGIA KSZTA\u0141TOWANIA MOTYWACJI"},"content":{"rendered":"\n<p class=\"has-small-font-size\"><em>Szkolenie dedykowane dla coach\u00f3w, trener\u00f3w biznesu i ka\u017cdego kto chce rozwin\u0105\u0107 swoje mo\u017cliwo\u015bci\u2026<\/em><\/p>\n\n\n\n<p class=\"has-small-font-size\">Motywacja to kluczowy czynnik sukcesu w ka\u017cdej dziedzinie \u017cycia.<br>Bez niej nawet najbardziej utalentowane osoby mog\u0105 mie\u0107 trudno\u015bci w realizacji swoich marze\u0144.<br>Dlatego w\u0142a\u015bnie moje szkolenie skupia si\u0119 na g\u0142\u0119bszym zrozumieniu mechanizm\u00f3w motywacji oraz na tym, jak mo\u017cna je skutecznie wykorzysta\u0107 w pracy z innymi.<\/p>\n\n\n\n<div class=\"wp-block-group is-vertical is-layout-flex wp-container-core-group-is-layout-8cf370e7 wp-block-group-is-layout-flex\">\n<p class=\"has-small-font-size\">PSYCHOLOGIA KSZTA\u0141TOWANIA MOTYWACJI  to autorski program szkoleniowy 1:1 dr Karoliny Mud\u0142o-G\u0142agolskiej  realizowany w trzech etapach:<\/p>\n\n\n\n<p class=\"has-small-font-size\">I-go stopnia &#8211; 16h teorii<\/p>\n\n\n\n<p class=\"has-small-font-size\">II-go stopnia &#8211; 16h teorii <\/p>\n\n\n\n<p class=\"has-small-font-size\">III-go stopnia &#8211; 16h teorii+8h praktyki<\/p>\n\n\n\n<p><\/p>\n\n\n\n<figure class=\"wp-block-gallery has-nested-images columns-4 is-cropped wp-block-gallery-1 is-layout-flex wp-block-gallery-is-layout-flex\">\n<figure class=\"wp-block-image size-large\"><img fetchpriority=\"high\" decoding=\"async\" width=\"1024\" height=\"1024\" data-id=\"204\" src=\"https:\/\/akademiaspokojuzycia.pl\/wp-content\/uploads\/2024\/04\/Psychologia-ksztaltowania-motywacji-1-1024x1024.png\" alt=\"\" class=\"wp-image-204\" srcset=\"https:\/\/akademiaspokojuzycia.pl\/wp-content\/uploads\/2024\/04\/Psychologia-ksztaltowania-motywacji-1-1024x1024.png 1024w, https:\/\/akademiaspokojuzycia.pl\/wp-content\/uploads\/2024\/04\/Psychologia-ksztaltowania-motywacji-1-300x300.png 300w, https:\/\/akademiaspokojuzycia.pl\/wp-content\/uploads\/2024\/04\/Psychologia-ksztaltowania-motywacji-1-150x150.png 150w, https:\/\/akademiaspokojuzycia.pl\/wp-content\/uploads\/2024\/04\/Psychologia-ksztaltowania-motywacji-1-768x768.png 768w, https:\/\/akademiaspokojuzycia.pl\/wp-content\/uploads\/2024\/04\/Psychologia-ksztaltowania-motywacji-1-1536x1536.png 1536w, https:\/\/akademiaspokojuzycia.pl\/wp-content\/uploads\/2024\/04\/Psychologia-ksztaltowania-motywacji-1-100x100.png 100w, https:\/\/akademiaspokojuzycia.pl\/wp-content\/uploads\/2024\/04\/Psychologia-ksztaltowania-motywacji-1.png 1890w\" sizes=\"(max-width: 767px) 89vw, (max-width: 1000px) 54vw, (max-width: 1071px) 543px, 580px\" \/><\/figure>\n\n\n\n<figure class=\"wp-block-image size-large\"><img decoding=\"async\" width=\"1024\" height=\"1024\" data-id=\"51\" src=\"https:\/\/akademiaspokojuzycia.pl\/wp-content\/uploads\/2024\/03\/1-1-1024x1024.png\" alt=\"\" class=\"wp-image-51\" srcset=\"https:\/\/akademiaspokojuzycia.pl\/wp-content\/uploads\/2024\/03\/1-1-1024x1024.png 1024w, https:\/\/akademiaspokojuzycia.pl\/wp-content\/uploads\/2024\/03\/1-1-300x300.png 300w, https:\/\/akademiaspokojuzycia.pl\/wp-content\/uploads\/2024\/03\/1-1-150x150.png 150w, https:\/\/akademiaspokojuzycia.pl\/wp-content\/uploads\/2024\/03\/1-1-768x768.png 768w, https:\/\/akademiaspokojuzycia.pl\/wp-content\/uploads\/2024\/03\/1-1-1536x1536.png 1536w, https:\/\/akademiaspokojuzycia.pl\/wp-content\/uploads\/2024\/03\/1-1-100x100.png 100w, https:\/\/akademiaspokojuzycia.pl\/wp-content\/uploads\/2024\/03\/1-1.png 1890w\" sizes=\"(max-width: 767px) 89vw, (max-width: 1000px) 54vw, (max-width: 1071px) 543px, 580px\" \/><\/figure>\n\n\n\n<figure class=\"wp-block-image size-large\"><img decoding=\"async\" width=\"1024\" height=\"1024\" data-id=\"53\" src=\"https:\/\/akademiaspokojuzycia.pl\/wp-content\/uploads\/2024\/03\/8-1024x1024.png\" alt=\"\" class=\"wp-image-53\" srcset=\"https:\/\/akademiaspokojuzycia.pl\/wp-content\/uploads\/2024\/03\/8-1024x1024.png 1024w, https:\/\/akademiaspokojuzycia.pl\/wp-content\/uploads\/2024\/03\/8-300x300.png 300w, https:\/\/akademiaspokojuzycia.pl\/wp-content\/uploads\/2024\/03\/8-150x150.png 150w, https:\/\/akademiaspokojuzycia.pl\/wp-content\/uploads\/2024\/03\/8-768x768.png 768w, https:\/\/akademiaspokojuzycia.pl\/wp-content\/uploads\/2024\/03\/8.png 1890w\" sizes=\"(max-width: 767px) 89vw, (max-width: 1000px) 54vw, (max-width: 1071px) 543px, 580px\" \/><\/figure>\n\n\n\n<figure class=\"wp-block-image size-large\"><img loading=\"lazy\" decoding=\"async\" width=\"1024\" height=\"1024\" data-id=\"45\" src=\"https:\/\/akademiaspokojuzycia.pl\/wp-content\/uploads\/2024\/03\/ASZ-gotowe-2-1024x1024.jpg\" alt=\"\" class=\"wp-image-45\" srcset=\"https:\/\/akademiaspokojuzycia.pl\/wp-content\/uploads\/2024\/03\/ASZ-gotowe-2-1024x1024.jpg 1024w, https:\/\/akademiaspokojuzycia.pl\/wp-content\/uploads\/2024\/03\/ASZ-gotowe-2-300x300.jpg 300w, https:\/\/akademiaspokojuzycia.pl\/wp-content\/uploads\/2024\/03\/ASZ-gotowe-2-150x150.jpg 150w, https:\/\/akademiaspokojuzycia.pl\/wp-content\/uploads\/2024\/03\/ASZ-gotowe-2-768x768.jpg 768w, https:\/\/akademiaspokojuzycia.pl\/wp-content\/uploads\/2024\/03\/ASZ-gotowe-2-1536x1536.jpg 1536w, https:\/\/akademiaspokojuzycia.pl\/wp-content\/uploads\/2024\/03\/ASZ-gotowe-2-100x100.jpg 100w, https:\/\/akademiaspokojuzycia.pl\/wp-content\/uploads\/2024\/03\/ASZ-gotowe-2.jpg 1890w\" sizes=\"(max-width: 767px) 89vw, (max-width: 1000px) 54vw, (max-width: 1071px) 543px, 580px\" \/><\/figure>\n<\/figure>\n<\/div>\n","protected":false},"excerpt":{"rendered":"<p>Szkolenie dedykowane dla coach\u00f3w, trener\u00f3w biznesu i ka\u017cdego kto chce rozwin\u0105\u0107 swoje mo\u017cliwo\u015bci\u2026 Motywacja to kluczowy czynnik sukcesu w ka\u017cdej dziedzinie \u017cycia.Bez niej nawet najbardziej utalentowane osoby mog\u0105 mie\u0107 trudno\u015bci w realizacji swoich marze\u0144.Dlatego w\u0142a\u015bnie moje szkolenie skupia si\u0119 na g\u0142\u0119bszym zrozumieniu mechanizm\u00f3w motywacji oraz na tym, jak mo\u017cna je skutecznie wykorzysta\u0107 w pracy z &hellip; <\/p>\n<p class=\"link-more\"><a href=\"https:\/\/akademiaspokojuzycia.pl\/?page_id=220\" class=\"more-link\">Czytaj dalej<span class=\"screen-reader-text\"> \u201ePSYCHOLOGIA KSZTA\u0141TOWANIA MOTYWACJI\u201d<\/span><\/a><\/p>\n","protected":false},"author":1,"featured_media":221,"parent":0,"menu_order":0,"comment_status":"closed","ping_status":"closed","template":"","meta":{"footnotes":""},"class_list":["post-220","page","type-page","status-publish","has-post-thumbnail","hentry"],"yoast_head":"<!-- This site is optimized with the Yoast SEO plugin v22.6 - https:\/\/yoast.com\/wordpress\/plugins\/seo\/ -->\n<title>PSYCHOLOGIA KSZTA\u0141TOWANIA MOTYWACJI -<\/title>\n<meta name=\"description\" content=\"PSYCHOLOGIA KSZTA\u0141TOWANIA MOTYWACJI\" \/>\n<meta name=\"robots\" content=\"index, follow, max-snippet:-1, max-image-preview:large, max-video-preview:-1\" \/>\n<link rel=\"canonical\" href=\"https:\/\/akademiaspokojuzycia.pl\/?page_id=220\" \/>\n<meta property=\"og:locale\" content=\"pl_PL\" \/>\n<meta property=\"og:type\" content=\"article\" \/>\n<meta property=\"og:title\" content=\"PSYCHOLOGIA KSZTA\u0141TOWANIA MOTYWACJI -\" \/>\n<meta property=\"og:description\" content=\"PSYCHOLOGIA KSZTA\u0141TOWANIA MOTYWACJI\" \/>\n<meta property=\"og:url\" content=\"https:\/\/akademiaspokojuzycia.pl\/?page_id=220\" \/>\n<meta property=\"article:modified_time\" content=\"2024-04-11T12:11:28+00:00\" \/>\n<meta property=\"og:image\" content=\"https:\/\/akademiaspokojuzycia.pl\/wp-content\/uploads\/2024\/04\/grafiki-508-207-psychologia-ksztaltowania.png\" \/>\n\t<meta property=\"og:image:width\" content=\"1920\" \/>\n\t<meta property=\"og:image:height\" content=\"782\" \/>\n\t<meta property=\"og:image:type\" content=\"image\/png\" \/>\n<meta name=\"twitter:card\" content=\"summary_large_image\" \/>\n<meta name=\"twitter:label1\" content=\"Szacowany czas czytania\" \/>\n\t<meta name=\"twitter:data1\" content=\"2 minuty\" \/>\n<script type=\"application\/ld+json\" class=\"yoast-schema-graph\">{\"@context\":\"https:\/\/schema.org\",\"@graph\":[{\"@type\":\"WebPage\",\"@id\":\"https:\/\/akademiaspokojuzycia.pl\/?page_id=220\",\"url\":\"https:\/\/akademiaspokojuzycia.pl\/?page_id=220\",\"name\":\"PSYCHOLOGIA KSZTA\u0141TOWANIA MOTYWACJI -\",\"isPartOf\":{\"@id\":\"https:\/\/akademiaspokojuzycia.pl\/#website\"},\"primaryImageOfPage\":{\"@id\":\"https:\/\/akademiaspokojuzycia.pl\/?page_id=220#primaryimage\"},\"image\":{\"@id\":\"https:\/\/akademiaspokojuzycia.pl\/?page_id=220#primaryimage\"},\"thumbnailUrl\":\"https:\/\/akademiaspokojuzycia.pl\/wp-content\/uploads\/2024\/04\/grafiki-508-207-psychologia-ksztaltowania.png\",\"datePublished\":\"2024-04-11T11:56:19+00:00\",\"dateModified\":\"2024-04-11T12:11:28+00:00\",\"description\":\"PSYCHOLOGIA KSZTA\u0141TOWANIA MOTYWACJI\",\"breadcrumb\":{\"@id\":\"https:\/\/akademiaspokojuzycia.pl\/?page_id=220#breadcrumb\"},\"inLanguage\":\"pl-PL\",\"potentialAction\":[{\"@type\":\"ReadAction\",\"target\":[\"https:\/\/akademiaspokojuzycia.pl\/?page_id=220\"]}]},{\"@type\":\"ImageObject\",\"inLanguage\":\"pl-PL\",\"@id\":\"https:\/\/akademiaspokojuzycia.pl\/?page_id=220#primaryimage\",\"url\":\"https:\/\/akademiaspokojuzycia.pl\/wp-content\/uploads\/2024\/04\/grafiki-508-207-psychologia-ksztaltowania.png\",\"contentUrl\":\"https:\/\/akademiaspokojuzycia.pl\/wp-content\/uploads\/2024\/04\/grafiki-508-207-psychologia-ksztaltowania.png\",\"width\":1920,\"height\":782},{\"@type\":\"BreadcrumbList\",\"@id\":\"https:\/\/akademiaspokojuzycia.pl\/?page_id=220#breadcrumb\",\"itemListElement\":[{\"@type\":\"ListItem\",\"position\":1,\"name\":\"Home\",\"item\":\"https:\/\/akademiaspokojuzycia.pl\/\"},{\"@type\":\"ListItem\",\"position\":2,\"name\":\"PSYCHOLOGIA KSZTA\u0141TOWANIA MOTYWACJI\"}]},{\"@type\":\"WebSite\",\"@id\":\"https:\/\/akademiaspokojuzycia.pl\/#website\",\"url\":\"https:\/\/akademiaspokojuzycia.pl\/\",\"name\":\"\",\"description\":\"\",\"potentialAction\":[{\"@type\":\"SearchAction\",\"target\":{\"@type\":\"EntryPoint\",\"urlTemplate\":\"https:\/\/akademiaspokojuzycia.pl\/?s={search_term_string}\"},\"query-input\":\"required name=search_term_string\"}],\"inLanguage\":\"pl-PL\"}]}<\/script>\n<!-- \/ Yoast SEO plugin. -->","yoast_head_json":{"title":"PSYCHOLOGIA KSZTA\u0141TOWANIA MOTYWACJI -","description":"PSYCHOLOGIA KSZTA\u0141TOWANIA MOTYWACJI","robots":{"index":"index","follow":"follow","max-snippet":"max-snippet:-1","max-image-preview":"max-image-preview:large","max-video-preview":"max-video-preview:-1"},"canonical":"https:\/\/akademiaspokojuzycia.pl\/?page_id=220","og_locale":"pl_PL","og_type":"article","og_title":"PSYCHOLOGIA KSZTA\u0141TOWANIA MOTYWACJI -","og_description":"PSYCHOLOGIA KSZTA\u0141TOWANIA MOTYWACJI","og_url":"https:\/\/akademiaspokojuzycia.pl\/?page_id=220","article_modified_time":"2024-04-11T12:11:28+00:00","og_image":[{"width":1920,"height":782,"url":"https:\/\/akademiaspokojuzycia.pl\/wp-content\/uploads\/2024\/04\/grafiki-508-207-psychologia-ksztaltowania.png","type":"image\/png"}],"twitter_card":"summary_large_image","twitter_misc":{"Szacowany czas czytania":"2 minuty"},"schema":{"@context":"https:\/\/schema.org","@graph":[{"@type":"WebPage","@id":"https:\/\/akademiaspokojuzycia.pl\/?page_id=220","url":"https:\/\/akademiaspokojuzycia.pl\/?page_id=220","name":"PSYCHOLOGIA KSZTA\u0141TOWANIA MOTYWACJI -","isPartOf":{"@id":"https:\/\/akademiaspokojuzycia.pl\/#website"},"primaryImageOfPage":{"@id":"https:\/\/akademiaspokojuzycia.pl\/?page_id=220#primaryimage"},"image":{"@id":"https:\/\/akademiaspokojuzycia.pl\/?page_id=220#primaryimage"},"thumbnailUrl":"https:\/\/akademiaspokojuzycia.pl\/wp-content\/uploads\/2024\/04\/grafiki-508-207-psychologia-ksztaltowania.png","datePublished":"2024-04-11T11:56:19+00:00","dateModified":"2024-04-11T12:11:28+00:00","description":"PSYCHOLOGIA KSZTA\u0141TOWANIA MOTYWACJI","breadcrumb":{"@id":"https:\/\/akademiaspokojuzycia.pl\/?page_id=220#breadcrumb"},"inLanguage":"pl-PL","potentialAction":[{"@type":"ReadAction","target":["https:\/\/akademiaspokojuzycia.pl\/?page_id=220"]}]},{"@type":"ImageObject","inLanguage":"pl-PL","@id":"https:\/\/akademiaspokojuzycia.pl\/?page_id=220#primaryimage","url":"https:\/\/akademiaspokojuzycia.pl\/wp-content\/uploads\/2024\/04\/grafiki-508-207-psychologia-ksztaltowania.png","contentUrl":"https:\/\/akademiaspokojuzycia.pl\/wp-content\/uploads\/2024\/04\/grafiki-508-207-psychologia-ksztaltowania.png","width":1920,"height":782},{"@type":"BreadcrumbList","@id":"https:\/\/akademiaspokojuzycia.pl\/?page_id=220#breadcrumb","itemListElement":[{"@type":"ListItem","position":1,"name":"Home","item":"https:\/\/akademiaspokojuzycia.pl\/"},{"@type":"ListItem","position":2,"name":"PSYCHOLOGIA KSZTA\u0141TOWANIA MOTYWACJI"}]},{"@type":"WebSite","@id":"https:\/\/akademiaspokojuzycia.pl\/#website","url":"https:\/\/akademiaspokojuzycia.pl\/","name":"","description":"","potentialAction":[{"@type":"SearchAction","target":{"@type":"EntryPoint","urlTemplate":"https:\/\/akademiaspokojuzycia.pl\/?s={search_term_string}"},"query-input":"required name=search_term_string"}],"inLanguage":"pl-PL"}]}},"_links":{"self":[{"href":"https:\/\/akademiaspokojuzycia.pl\/index.php?rest_route=\/wp\/v2\/pages\/220","targetHints":{"allow":["GET"]}}],"collection":[{"href":"https:\/\/akademiaspokojuzycia.pl\/index.php?rest_route=\/wp\/v2\/pages"}],"about":[{"href":"https:\/\/akademiaspokojuzycia.pl\/index.php?rest_route=\/wp\/v2\/types\/page"}],"author":[{"embeddable":true,"href":"https:\/\/akademiaspokojuzycia.pl\/index.php?rest_route=\/wp\/v2\/users\/1"}],"replies":[{"embeddable":true,"href":"https:\/\/akademiaspokojuzycia.pl\/index.php?rest_route=%2Fwp%2Fv2%2Fcomments&post=220"}],"version-history":[{"count":4,"href":"https:\/\/akademiaspokojuzycia.pl\/index.php?rest_route=\/wp\/v2\/pages\/220\/revisions"}],"predecessor-version":[{"id":233,"href":"https:\/\/akademiaspokojuzycia.pl\/index.php?rest_route=\/wp\/v2\/pages\/220\/revisions\/233"}],"wp:featuredmedia":[{"embeddable":true,"href":"https:\/\/akademiaspokojuzycia.pl\/index.php?rest_route=\/wp\/v2\/media\/221"}],"wp:attachment":[{"href":"https:\/\/akademiaspokojuzycia.pl\/index.php?rest_route=%2Fwp%2Fv2%2Fmedia&parent=220"}],"curies":[{"name":"wp","href":"https:\/\/api.w.org\/{rel}","templated":true}]}}