{"id":256,"date":"2024-12-19T11:17:52","date_gmt":"2024-12-19T10:17:52","guid":{"rendered":"https:\/\/akademiaspokojuzycia.pl\/?page_id=256"},"modified":"2025-05-15T10:56:39","modified_gmt":"2025-05-15T08:56:39","slug":"konsultacje-metodologiczno-statystyczne","status":"publish","type":"page","link":"https:\/\/akademiaspokojuzycia.pl\/?page_id=256","title":{"rendered":"KONSULTACJE METODOLOGICZNO STATYSTYCZNE"},"content":{"rendered":"\n<p class=\"has-small-font-size\">Oferujemy profesjonalne wsparcie w zakresie analiz statystycznych dla bada\u0144 naukowych, projekt\u00f3w badawczych oraz analiz biznesowych. Zapewniamy kompleksowe podej\u015bcie, indywidualne konsultacje i wyniki dostosowane do potrzeb klienta.&nbsp;<\/p>\n\n\n\n<p class=\"has-small-font-size\">&nbsp;Zakres us\u0142ug:&nbsp;<\/p>\n\n\n\n<ul class=\"wp-block-list\">\n<li class=\"has-small-font-size\">Analizy opisowe: \u015brednie, odchylenia standardowe, rozk\u0142ady, korelacje.<\/li>\n\n\n\n<li class=\"has-small-font-size\">Testy parametryczne i nieparametryczne.&nbsp;<\/li>\n\n\n\n<li class=\"has-small-font-size\">Analizy zaawansowane:\n<ul class=\"wp-block-list\">\n<li>Analizy regresji (wielokrotna, logistyczna). \u2022 Analizy \u015bcie\u017ckowe (SEM).&nbsp;<\/li>\n\n\n\n<li>Analizy czynnikowe (EFA, CFA).&nbsp;<\/li>\n\n\n\n<li>Analiza skupie\u0144 i profili latentnych (LPA).<\/li>\n<\/ul>\n<\/li>\n\n\n\n<li class=\"has-small-font-size\">Analizy dla grup por\u00f3wnawczych: testy dla pr\u00f3b zale\u017cnych i niezale\u017cnych.&nbsp;<\/li>\n\n\n\n<li class=\"has-small-font-size\">Wsparcie w raportowaniu wynik\u00f3w: graficzna prezentacja danych (wykresy, tabele) i interpretacja wynik\u00f3w.&nbsp;<\/li>\n<\/ul>\n\n\n\n<p class=\"has-small-font-size\">&nbsp;Oprogramowanie: JASP, SPSS, R oraz jamovi, dzi\u0119ki czemu mo\u017cemy dostosowa\u0107 us\u0142ugi do wymaga\u0144 klienta.&nbsp; Jak to dzia\u0142a?&nbsp;<\/p>\n\n\n\n<ul class=\"wp-block-list\">\n<li class=\"has-small-font-size\">Konsultacja wst\u0119pna: om\u00f3wienie celu badania i potrzeb klienta.<\/li>\n\n\n\n<li class=\"has-small-font-size\">Przygotowanie danych: pomoc w przygotowaniu i oczyszczeniu bazy danych.&nbsp;<\/li>\n\n\n\n<li class=\"has-small-font-size\">Wykonanie analiz i przekazanie szczeg\u00f3\u0142owego raportu z wynikami.&nbsp;<\/li>\n\n\n\n<li class=\"has-small-font-size\">Konsultacja ko\u0144cowa: om\u00f3wienie wynik\u00f3w i odpowiedzi na pytania.&nbsp;<\/li>\n<\/ul>\n\n\n\n<p class=\"has-small-font-size\">Skontaktuj si\u0119 z nami, aby om\u00f3wi\u0107 szczeg\u00f3\u0142y i uzyska\u0107 indywidualn\u0105 wycen\u0119! e-mail: piotr@akademiaspokojuzycia.pl<\/p>\n","protected":false},"excerpt":{"rendered":"<p>Oferujemy profesjonalne wsparcie w zakresie analiz statystycznych dla bada\u0144 naukowych, projekt\u00f3w badawczych oraz analiz biznesowych. Zapewniamy kompleksowe podej\u015bcie, indywidualne konsultacje i wyniki dostosowane do potrzeb klienta.&nbsp; &nbsp;Zakres us\u0142ug:&nbsp; &nbsp;Oprogramowanie: JASP, SPSS, R oraz jamovi, dzi\u0119ki czemu mo\u017cemy dostosowa\u0107 us\u0142ugi do wymaga\u0144 klienta.&nbsp; Jak to dzia\u0142a?&nbsp; Skontaktuj si\u0119 z nami, aby om\u00f3wi\u0107 szczeg\u00f3\u0142y i uzyska\u0107 indywidualn\u0105 &hellip; <\/p>\n<p class=\"link-more\"><a href=\"https:\/\/akademiaspokojuzycia.pl\/?page_id=256\" class=\"more-link\">Czytaj dalej<span class=\"screen-reader-text\"> \u201eKONSULTACJE METODOLOGICZNO STATYSTYCZNE\u201d<\/span><\/a><\/p>\n","protected":false},"author":1,"featured_media":78,"parent":0,"menu_order":0,"comment_status":"closed","ping_status":"closed","template":"","meta":{"footnotes":""},"class_list":["post-256","page","type-page","status-publish","has-post-thumbnail","hentry"],"yoast_head":"<!-- This site is optimized with the Yoast SEO plugin v22.6 - https:\/\/yoast.com\/wordpress\/plugins\/seo\/ -->\n<title>KONSULTACJE METODOLOGICZNO STATYSTYCZNE -<\/title>\n<meta name=\"robots\" content=\"index, follow, max-snippet:-1, max-image-preview:large, max-video-preview:-1\" \/>\n<link rel=\"canonical\" href=\"https:\/\/akademiaspokojuzycia.pl\/?page_id=256\" \/>\n<meta property=\"og:locale\" content=\"pl_PL\" \/>\n<meta property=\"og:type\" content=\"article\" \/>\n<meta property=\"og:title\" content=\"KONSULTACJE METODOLOGICZNO STATYSTYCZNE -\" \/>\n<meta property=\"og:description\" content=\"Oferujemy profesjonalne wsparcie w zakresie analiz statystycznych dla bada\u0144 naukowych, projekt\u00f3w badawczych oraz analiz biznesowych. Zapewniamy kompleksowe podej\u015bcie, indywidualne konsultacje i wyniki dostosowane do potrzeb klienta.&nbsp; &nbsp;Zakres us\u0142ug:&nbsp; &nbsp;Oprogramowanie: JASP, SPSS, R oraz jamovi, dzi\u0119ki czemu mo\u017cemy dostosowa\u0107 us\u0142ugi do wymaga\u0144 klienta.&nbsp; Jak to dzia\u0142a?&nbsp; Skontaktuj si\u0119 z nami, aby om\u00f3wi\u0107 szczeg\u00f3\u0142y i uzyska\u0107 indywidualn\u0105 &hellip; Czytaj dalej \u201eKONSULTACJE METODOLOGICZNO STATYSTYCZNE\u201d\" \/>\n<meta property=\"og:url\" content=\"https:\/\/akademiaspokojuzycia.pl\/?page_id=256\" \/>\n<meta property=\"article:modified_time\" content=\"2025-05-15T08:56:39+00:00\" \/>\n<meta property=\"og:image\" content=\"https:\/\/akademiaspokojuzycia.pl\/wp-content\/uploads\/2024\/03\/4.png\" \/>\n\t<meta property=\"og:image:width\" content=\"1920\" \/>\n\t<meta property=\"og:image:height\" content=\"782\" \/>\n\t<meta property=\"og:image:type\" content=\"image\/png\" \/>\n<meta name=\"twitter:card\" content=\"summary_large_image\" \/>\n<meta name=\"twitter:label1\" content=\"Szacowany czas czytania\" \/>\n\t<meta name=\"twitter:data1\" content=\"2 minuty\" \/>\n<script type=\"application\/ld+json\" class=\"yoast-schema-graph\">{\"@context\":\"https:\/\/schema.org\",\"@graph\":[{\"@type\":\"WebPage\",\"@id\":\"https:\/\/akademiaspokojuzycia.pl\/?page_id=256\",\"url\":\"https:\/\/akademiaspokojuzycia.pl\/?page_id=256\",\"name\":\"KONSULTACJE METODOLOGICZNO STATYSTYCZNE -\",\"isPartOf\":{\"@id\":\"https:\/\/akademiaspokojuzycia.pl\/#website\"},\"primaryImageOfPage\":{\"@id\":\"https:\/\/akademiaspokojuzycia.pl\/?page_id=256#primaryimage\"},\"image\":{\"@id\":\"https:\/\/akademiaspokojuzycia.pl\/?page_id=256#primaryimage\"},\"thumbnailUrl\":\"https:\/\/akademiaspokojuzycia.pl\/wp-content\/uploads\/2024\/03\/4.png\",\"datePublished\":\"2024-12-19T10:17:52+00:00\",\"dateModified\":\"2025-05-15T08:56:39+00:00\",\"breadcrumb\":{\"@id\":\"https:\/\/akademiaspokojuzycia.pl\/?page_id=256#breadcrumb\"},\"inLanguage\":\"pl-PL\",\"potentialAction\":[{\"@type\":\"ReadAction\",\"target\":[\"https:\/\/akademiaspokojuzycia.pl\/?page_id=256\"]}]},{\"@type\":\"ImageObject\",\"inLanguage\":\"pl-PL\",\"@id\":\"https:\/\/akademiaspokojuzycia.pl\/?page_id=256#primaryimage\",\"url\":\"https:\/\/akademiaspokojuzycia.pl\/wp-content\/uploads\/2024\/03\/4.png\",\"contentUrl\":\"https:\/\/akademiaspokojuzycia.pl\/wp-content\/uploads\/2024\/03\/4.png\",\"width\":1920,\"height\":782},{\"@type\":\"BreadcrumbList\",\"@id\":\"https:\/\/akademiaspokojuzycia.pl\/?page_id=256#breadcrumb\",\"itemListElement\":[{\"@type\":\"ListItem\",\"position\":1,\"name\":\"Home\",\"item\":\"https:\/\/akademiaspokojuzycia.pl\/\"},{\"@type\":\"ListItem\",\"position\":2,\"name\":\"KONSULTACJE METODOLOGICZNO STATYSTYCZNE\"}]},{\"@type\":\"WebSite\",\"@id\":\"https:\/\/akademiaspokojuzycia.pl\/#website\",\"url\":\"https:\/\/akademiaspokojuzycia.pl\/\",\"name\":\"\",\"description\":\"\",\"potentialAction\":[{\"@type\":\"SearchAction\",\"target\":{\"@type\":\"EntryPoint\",\"urlTemplate\":\"https:\/\/akademiaspokojuzycia.pl\/?s={search_term_string}\"},\"query-input\":\"required name=search_term_string\"}],\"inLanguage\":\"pl-PL\"}]}<\/script>\n<!-- \/ Yoast SEO plugin. -->","yoast_head_json":{"title":"KONSULTACJE METODOLOGICZNO STATYSTYCZNE -","robots":{"index":"index","follow":"follow","max-snippet":"max-snippet:-1","max-image-preview":"max-image-preview:large","max-video-preview":"max-video-preview:-1"},"canonical":"https:\/\/akademiaspokojuzycia.pl\/?page_id=256","og_locale":"pl_PL","og_type":"article","og_title":"KONSULTACJE METODOLOGICZNO STATYSTYCZNE -","og_description":"Oferujemy profesjonalne wsparcie w zakresie analiz statystycznych dla bada\u0144 naukowych, projekt\u00f3w badawczych oraz analiz biznesowych. Zapewniamy kompleksowe podej\u015bcie, indywidualne konsultacje i wyniki dostosowane do potrzeb klienta.&nbsp; &nbsp;Zakres us\u0142ug:&nbsp; &nbsp;Oprogramowanie: JASP, SPSS, R oraz jamovi, dzi\u0119ki czemu mo\u017cemy dostosowa\u0107 us\u0142ugi do wymaga\u0144 klienta.&nbsp; Jak to dzia\u0142a?&nbsp; Skontaktuj si\u0119 z nami, aby om\u00f3wi\u0107 szczeg\u00f3\u0142y i uzyska\u0107 indywidualn\u0105 &hellip; Czytaj dalej \u201eKONSULTACJE METODOLOGICZNO STATYSTYCZNE\u201d","og_url":"https:\/\/akademiaspokojuzycia.pl\/?page_id=256","article_modified_time":"2025-05-15T08:56:39+00:00","og_image":[{"width":1920,"height":782,"url":"https:\/\/akademiaspokojuzycia.pl\/wp-content\/uploads\/2024\/03\/4.png","type":"image\/png"}],"twitter_card":"summary_large_image","twitter_misc":{"Szacowany czas czytania":"2 minuty"},"schema":{"@context":"https:\/\/schema.org","@graph":[{"@type":"WebPage","@id":"https:\/\/akademiaspokojuzycia.pl\/?page_id=256","url":"https:\/\/akademiaspokojuzycia.pl\/?page_id=256","name":"KONSULTACJE METODOLOGICZNO STATYSTYCZNE -","isPartOf":{"@id":"https:\/\/akademiaspokojuzycia.pl\/#website"},"primaryImageOfPage":{"@id":"https:\/\/akademiaspokojuzycia.pl\/?page_id=256#primaryimage"},"image":{"@id":"https:\/\/akademiaspokojuzycia.pl\/?page_id=256#primaryimage"},"thumbnailUrl":"https:\/\/akademiaspokojuzycia.pl\/wp-content\/uploads\/2024\/03\/4.png","datePublished":"2024-12-19T10:17:52+00:00","dateModified":"2025-05-15T08:56:39+00:00","breadcrumb":{"@id":"https:\/\/akademiaspokojuzycia.pl\/?page_id=256#breadcrumb"},"inLanguage":"pl-PL","potentialAction":[{"@type":"ReadAction","target":["https:\/\/akademiaspokojuzycia.pl\/?page_id=256"]}]},{"@type":"ImageObject","inLanguage":"pl-PL","@id":"https:\/\/akademiaspokojuzycia.pl\/?page_id=256#primaryimage","url":"https:\/\/akademiaspokojuzycia.pl\/wp-content\/uploads\/2024\/03\/4.png","contentUrl":"https:\/\/akademiaspokojuzycia.pl\/wp-content\/uploads\/2024\/03\/4.png","width":1920,"height":782},{"@type":"BreadcrumbList","@id":"https:\/\/akademiaspokojuzycia.pl\/?page_id=256#breadcrumb","itemListElement":[{"@type":"ListItem","position":1,"name":"Home","item":"https:\/\/akademiaspokojuzycia.pl\/"},{"@type":"ListItem","position":2,"name":"KONSULTACJE METODOLOGICZNO STATYSTYCZNE"}]},{"@type":"WebSite","@id":"https:\/\/akademiaspokojuzycia.pl\/#website","url":"https:\/\/akademiaspokojuzycia.pl\/","name":"","description":"","potentialAction":[{"@type":"SearchAction","target":{"@type":"EntryPoint","urlTemplate":"https:\/\/akademiaspokojuzycia.pl\/?s={search_term_string}"},"query-input":"required name=search_term_string"}],"inLanguage":"pl-PL"}]}},"_links":{"self":[{"href":"https:\/\/akademiaspokojuzycia.pl\/index.php?rest_route=\/wp\/v2\/pages\/256","targetHints":{"allow":["GET"]}}],"collection":[{"href":"https:\/\/akademiaspokojuzycia.pl\/index.php?rest_route=\/wp\/v2\/pages"}],"about":[{"href":"https:\/\/akademiaspokojuzycia.pl\/index.php?rest_route=\/wp\/v2\/types\/page"}],"author":[{"embeddable":true,"href":"https:\/\/akademiaspokojuzycia.pl\/index.php?rest_route=\/wp\/v2\/users\/1"}],"replies":[{"embeddable":true,"href":"https:\/\/akademiaspokojuzycia.pl\/index.php?rest_route=%2Fwp%2Fv2%2Fcomments&post=256"}],"version-history":[{"count":2,"href":"https:\/\/akademiaspokojuzycia.pl\/index.php?rest_route=\/wp\/v2\/pages\/256\/revisions"}],"predecessor-version":[{"id":278,"href":"https:\/\/akademiaspokojuzycia.pl\/index.php?rest_route=\/wp\/v2\/pages\/256\/revisions\/278"}],"wp:featuredmedia":[{"embeddable":true,"href":"https:\/\/akademiaspokojuzycia.pl\/index.php?rest_route=\/wp\/v2\/media\/78"}],"wp:attachment":[{"href":"https:\/\/akademiaspokojuzycia.pl\/index.php?rest_route=%2Fwp%2Fv2%2Fmedia&parent=256"}],"curies":[{"name":"wp","href":"https:\/\/api.w.org\/{rel}","templated":true}]}}